{"id":5440,"date":"2023-12-01T14:15:53","date_gmt":"2023-12-01T06:15:53","guid":{"rendered":"https:\/\/iglooinsure.com\/cac-du-an-tieu-bieu\/"},"modified":"2024-02-06T11:04:39","modified_gmt":"2024-02-06T03:04:39","slug":"cac-du-an-tieu-bieu","status":"publish","type":"page","link":"https:\/\/iglooinsure.com\/vn\/cac-du-an-tieu-bieu\/","title":{"rendered":"C\u00e1c d\u1ef1 \u00e1n ti\u00eau bi\u1ec3u"},"content":{"rendered":"","protected":false},"excerpt":{"rendered":"","protected":false},"author":1,"featured_media":5308,"parent":0,"menu_order":0,"comment_status":"closed","ping_status":"closed","template":"","meta":{"_acf_changed":false,"_seopress_robots_primary_cat":"","_seopress_titles_title":"C\u00e1c d\u1ef1 \u00e1n ti\u00eau bi\u1ec3u | Igloo Insure","_seopress_titles_desc":"C\u00e2u chuy\u1ec7n th\u00e0nh c\u00f4ng &amp; nghi\u00ean c\u1ee9u h\u1ee3p t\u00e1c cung b\u1ea3o hi\u1ec3m cho m\u1ecdi ng\u01b0\u1eddi, t\u0103ng b\u1ea3o v\u1ec7 cho ng\u01b0\u1eddi d\u00f9ng &amp; doanh thu cho th\u01b0\u01a1ng hi\u1ec7u.","_seopress_robots_index":"","footnotes":""},"hf_cat_page":[],"class_list":["post-5440","page","type-page","status-publish","has-post-thumbnail","hentry"],"acf":[],"_links":{"self":[{"href":"https:\/\/iglooinsure.com\/vn\/wp-json\/wp\/v2\/pages\/5440","targetHints":{"allow":["GET"]}}],"collection":[{"href":"https:\/\/iglooinsure.com\/vn\/wp-json\/wp\/v2\/pages"}],"about":[{"href":"https:\/\/iglooinsure.com\/vn\/wp-json\/wp\/v2\/types\/page"}],"author":[{"embeddable":true,"href":"https:\/\/iglooinsure.com\/vn\/wp-json\/wp\/v2\/users\/1"}],"replies":[{"embeddable":true,"href":"https:\/\/iglooinsure.com\/vn\/wp-json\/wp\/v2\/comments?post=5440"}],"version-history":[{"count":2,"href":"https:\/\/iglooinsure.com\/vn\/wp-json\/wp\/v2\/pages\/5440\/revisions"}],"predecessor-version":[{"id":5443,"href":"https:\/\/iglooinsure.com\/vn\/wp-json\/wp\/v2\/pages\/5440\/revisions\/5443"}],"wp:featuredmedia":[{"embeddable":true,"href":"https:\/\/iglooinsure.com\/vn\/wp-json\/wp\/v2\/media\/5308"}],"wp:attachment":[{"href":"https:\/\/iglooinsure.com\/vn\/wp-json\/wp\/v2\/media?parent=5440"}],"wp:term":[{"taxonomy":"hf_cat_page","embeddable":true,"href":"https:\/\/iglooinsure.com\/vn\/wp-json\/wp\/v2\/hf_cat_page?post=5440"}],"curies":[{"name":"wp","href":"https:\/\/api.w.org\/{rel}","templated":true}]}}