{"id":5324,"date":"2023-12-01T14:13:46","date_gmt":"2023-12-01T06:13:46","guid":{"rendered":"https:\/\/iglooinsure.com\/ve-chung-toi\/"},"modified":"2025-06-13T16:45:14","modified_gmt":"2025-06-13T08:45:14","slug":"ve-chung-toi","status":"publish","type":"page","link":"https:\/\/iglooinsure.com\/vn\/ve-chung-toi\/","title":{"rendered":"V\u1ec1 ch\u00fang t\u00f4i"},"content":{"rendered":"","protected":false},"excerpt":{"rendered":"","protected":false},"author":1,"featured_media":5325,"parent":0,"menu_order":0,"comment_status":"closed","ping_status":"closed","template":"","meta":{"_acf_changed":false,"_seopress_robots_primary_cat":"","_seopress_titles_title":"V\u1ec1 c\u00f4ng ty Insurtech h\u00e0ng \u0111\u1ea7u \u0110\u00f4ng Nam \u00c1 | Igloo Insure","_seopress_titles_desc":"G\u1eb7p \u0111\u1ed9i ng\u0169 theo \u0111u\u1ed5i t\u1ea7m nh\u00ecn &quot;b\u1ea3o hi\u1ec3m cho t\u1ea5t c\u1ea3&quot; v\u00e0 s\u1ee9 m\u1ec7nh &quot;l\u00e0m cho b\u1ea3o hi\u1ec3m d\u1ec5 ti\u1ebfp c\u1eadn, gi\u00e1 c\u1ea3 ph\u1ea3i ch\u0103ng nh\u1edd d\u1eef li\u1ec7u v\u00e0 c\u00f4ng ngh\u1ec7&quot;.","_seopress_robots_index":"","footnotes":""},"hf_cat_page":[],"class_list":["post-5324","page","type-page","status-publish","has-post-thumbnail","hentry"],"acf":[],"_links":{"self":[{"href":"https:\/\/iglooinsure.com\/vn\/wp-json\/wp\/v2\/pages\/5324","targetHints":{"allow":["GET"]}}],"collection":[{"href":"https:\/\/iglooinsure.com\/vn\/wp-json\/wp\/v2\/pages"}],"about":[{"href":"https:\/\/iglooinsure.com\/vn\/wp-json\/wp\/v2\/types\/page"}],"author":[{"embeddable":true,"href":"https:\/\/iglooinsure.com\/vn\/wp-json\/wp\/v2\/users\/1"}],"replies":[{"embeddable":true,"href":"https:\/\/iglooinsure.com\/vn\/wp-json\/wp\/v2\/comments?post=5324"}],"version-history":[{"count":7,"href":"https:\/\/iglooinsure.com\/vn\/wp-json\/wp\/v2\/pages\/5324\/revisions"}],"predecessor-version":[{"id":15426,"href":"https:\/\/iglooinsure.com\/vn\/wp-json\/wp\/v2\/pages\/5324\/revisions\/15426"}],"wp:featuredmedia":[{"embeddable":true,"href":"https:\/\/iglooinsure.com\/vn\/wp-json\/wp\/v2\/media\/5325"}],"wp:attachment":[{"href":"https:\/\/iglooinsure.com\/vn\/wp-json\/wp\/v2\/media?parent=5324"}],"wp:term":[{"taxonomy":"hf_cat_page","embeddable":true,"href":"https:\/\/iglooinsure.com\/vn\/wp-json\/wp\/v2\/hf_cat_page?post=5324"}],"curies":[{"name":"wp","href":"https:\/\/api.w.org\/{rel}","templated":true}]}}