{"id":5322,"date":"2023-12-01T14:15:39","date_gmt":"2023-12-01T06:15:39","guid":{"rendered":"https:\/\/iglooinsure.com\/tuyen-dung\/"},"modified":"2024-02-06T09:33:27","modified_gmt":"2024-02-06T01:33:27","slug":"tuyen-dung","status":"publish","type":"page","link":"https:\/\/iglooinsure.com\/vn\/tuyen-dung\/","title":{"rendered":"Tuy\u1ec3n d\u1ee5ng"},"content":{"rendered":"","protected":false},"excerpt":{"rendered":"","protected":false},"author":1,"featured_media":5323,"parent":0,"menu_order":0,"comment_status":"closed","ping_status":"closed","template":"","meta":{"_acf_changed":false,"_seopress_robots_primary_cat":"","_seopress_titles_title":"S\u1ef1 nghi\u1ec7p t\u1ea1i c\u00f4ng ty insurtech \u0110\u00f4ng Nam \u00c1 | Igloo Insure","_seopress_titles_desc":"T\u1ea1i Igloo - c\u00f4ng ty insurtech h\u00e0ng \u0111\u1ea7u SEA, ch\u00fang t\u00f4i tuy\u1ec3n d\u1ee5ng k\u1ef9 s\u01b0 ph\u1ea7n m\u1ec1m, qu\u1ea3n l\u00fd s\u1ea3n ph\u1ea9m, qu\u1ea3n l\u00fd ph\u00e1t tri\u1ec3n kinh doanh, v\u00e0 h\u01a1n th\u1ebf n\u1eefa.","_seopress_robots_index":"","footnotes":""},"hf_cat_page":[],"class_list":["post-5322","page","type-page","status-publish","has-post-thumbnail","hentry"],"acf":[],"_links":{"self":[{"href":"https:\/\/iglooinsure.com\/vn\/wp-json\/wp\/v2\/pages\/5322","targetHints":{"allow":["GET"]}}],"collection":[{"href":"https:\/\/iglooinsure.com\/vn\/wp-json\/wp\/v2\/pages"}],"about":[{"href":"https:\/\/iglooinsure.com\/vn\/wp-json\/wp\/v2\/types\/page"}],"author":[{"embeddable":true,"href":"https:\/\/iglooinsure.com\/vn\/wp-json\/wp\/v2\/users\/1"}],"replies":[{"embeddable":true,"href":"https:\/\/iglooinsure.com\/vn\/wp-json\/wp\/v2\/comments?post=5322"}],"version-history":[{"count":1,"href":"https:\/\/iglooinsure.com\/vn\/wp-json\/wp\/v2\/pages\/5322\/revisions"}],"predecessor-version":[{"id":5353,"href":"https:\/\/iglooinsure.com\/vn\/wp-json\/wp\/v2\/pages\/5322\/revisions\/5353"}],"wp:featuredmedia":[{"embeddable":true,"href":"https:\/\/iglooinsure.com\/vn\/wp-json\/wp\/v2\/media\/5323"}],"wp:attachment":[{"href":"https:\/\/iglooinsure.com\/vn\/wp-json\/wp\/v2\/media?parent=5322"}],"wp:term":[{"taxonomy":"hf_cat_page","embeddable":true,"href":"https:\/\/iglooinsure.com\/vn\/wp-json\/wp\/v2\/hf_cat_page?post=5322"}],"curies":[{"name":"wp","href":"https:\/\/api.w.org\/{rel}","templated":true}]}}