{"id":5319,"date":"2023-12-01T14:14:45","date_gmt":"2023-12-01T06:14:45","guid":{"rendered":"https:\/\/iglooinsure.com\/dong-gop-vao-cac-muc-tieu-phat-trien-ben-vung\/"},"modified":"2024-02-06T09:35:10","modified_gmt":"2024-02-06T01:35:10","slug":"dong-gop-vao-cac-muc-tieu-phat-trien-ben-vung","status":"publish","type":"page","link":"https:\/\/iglooinsure.com\/vn\/dong-gop-vao-cac-muc-tieu-phat-trien-ben-vung\/","title":{"rendered":"T\u00e1c \u0111\u1ed9ng c\u1ee7a ch\u00fang t\u00f4i"},"content":{"rendered":"","protected":false},"excerpt":{"rendered":"","protected":false},"author":1,"featured_media":5321,"parent":0,"menu_order":0,"comment_status":"closed","ping_status":"closed","template":"","meta":{"_acf_changed":false,"_seopress_robots_primary_cat":"","_seopress_titles_title":"\u0110\u00f3ng g\u00f3p c\u1ee7a ch\u00fang t\u00f4i v\u00e0o M\u1ee5c ti\u00eau ph\u00e1t tri\u1ec3n b\u1ec1n v\u1eefng | Igloo Insure","_seopress_titles_desc":"H\u01b0\u1edbng t\u1edbi &quot;b\u1ea3o hi\u1ec3m cho m\u1ecdi ng\u01b0\u1eddi,&quot; ch\u00fang t\u00f4i cung c\u1ea5p b\u1ea3o hi\u1ec3m cho nh\u00f3m thu nh\u1eadp th\u1ea5p, trung b\u00ecnh \u1edf \u0110NA nh\u01b0 m\u1ed9t c\u00f4ng ty insurtech h\u00e0ng \u0111\u1ea7u.","_seopress_robots_index":"","footnotes":""},"hf_cat_page":[],"class_list":["post-5319","page","type-page","status-publish","has-post-thumbnail","hentry"],"acf":[],"_links":{"self":[{"href":"https:\/\/iglooinsure.com\/vn\/wp-json\/wp\/v2\/pages\/5319","targetHints":{"allow":["GET"]}}],"collection":[{"href":"https:\/\/iglooinsure.com\/vn\/wp-json\/wp\/v2\/pages"}],"about":[{"href":"https:\/\/iglooinsure.com\/vn\/wp-json\/wp\/v2\/types\/page"}],"author":[{"embeddable":true,"href":"https:\/\/iglooinsure.com\/vn\/wp-json\/wp\/v2\/users\/1"}],"replies":[{"embeddable":true,"href":"https:\/\/iglooinsure.com\/vn\/wp-json\/wp\/v2\/comments?post=5319"}],"version-history":[{"count":1,"href":"https:\/\/iglooinsure.com\/vn\/wp-json\/wp\/v2\/pages\/5319\/revisions"}],"predecessor-version":[{"id":5352,"href":"https:\/\/iglooinsure.com\/vn\/wp-json\/wp\/v2\/pages\/5319\/revisions\/5352"}],"wp:featuredmedia":[{"embeddable":true,"href":"https:\/\/iglooinsure.com\/vn\/wp-json\/wp\/v2\/media\/5321"}],"wp:attachment":[{"href":"https:\/\/iglooinsure.com\/vn\/wp-json\/wp\/v2\/media?parent=5319"}],"wp:term":[{"taxonomy":"hf_cat_page","embeddable":true,"href":"https:\/\/iglooinsure.com\/vn\/wp-json\/wp\/v2\/hf_cat_page?post=5319"}],"curies":[{"name":"wp","href":"https:\/\/api.w.org\/{rel}","templated":true}]}}