{"id":5317,"date":"2023-12-01T14:17:15","date_gmt":"2023-12-01T06:17:15","guid":{"rendered":"https:\/\/iglooinsure.com\/san-pham\/"},"modified":"2024-02-06T09:33:25","modified_gmt":"2024-02-06T01:33:25","slug":"san-pham","status":"publish","type":"page","link":"https:\/\/iglooinsure.com\/vn\/san-pham\/","title":{"rendered":"S\u1ea3n Ph\u1ea9m"},"content":{"rendered":"","protected":false},"excerpt":{"rendered":"","protected":false},"author":1,"featured_media":5318,"parent":0,"menu_order":0,"comment_status":"closed","ping_status":"closed","template":"","meta":{"_acf_changed":false,"_seopress_robots_primary_cat":"","_seopress_titles_title":"S\u1ea3n Ph\u1ea9m Insurtech \u1edf \u0110\u00f4ng Nam \u00c1 | Igloo Insure","_seopress_titles_desc":"Kh\u00e1m ph\u00e1 s\u1ea3n ph\u1ea9m insurtech c\u1ee7a ch\u00fang t\u00f4i cho \u00f4 t\u00f4, du l\u1ecbch, v\u1eadn chuy\u1ec3n &amp; h\u01a1n n\u1eefa t\u1ea1i SG, MY, PH &amp; \u0110NA. Nh\u1eadn gi\u1ea3i ph\u00e1p b\u1ea3o hi\u1ec3m t\u1ed1t nh\u1ea5t, h\u00e3y th\u0103m ch\u00fang t\u00f4i \u0111\u1ec3 t\u00ecm hi\u1ec3u th\u00eam!","_seopress_robots_index":"","footnotes":""},"hf_cat_page":[],"class_list":["post-5317","page","type-page","status-publish","has-post-thumbnail","hentry"],"acf":[],"_links":{"self":[{"href":"https:\/\/iglooinsure.com\/vn\/wp-json\/wp\/v2\/pages\/5317","targetHints":{"allow":["GET"]}}],"collection":[{"href":"https:\/\/iglooinsure.com\/vn\/wp-json\/wp\/v2\/pages"}],"about":[{"href":"https:\/\/iglooinsure.com\/vn\/wp-json\/wp\/v2\/types\/page"}],"author":[{"embeddable":true,"href":"https:\/\/iglooinsure.com\/vn\/wp-json\/wp\/v2\/users\/1"}],"replies":[{"embeddable":true,"href":"https:\/\/iglooinsure.com\/vn\/wp-json\/wp\/v2\/comments?post=5317"}],"version-history":[{"count":1,"href":"https:\/\/iglooinsure.com\/vn\/wp-json\/wp\/v2\/pages\/5317\/revisions"}],"predecessor-version":[{"id":5336,"href":"https:\/\/iglooinsure.com\/vn\/wp-json\/wp\/v2\/pages\/5317\/revisions\/5336"}],"wp:featuredmedia":[{"embeddable":true,"href":"https:\/\/iglooinsure.com\/vn\/wp-json\/wp\/v2\/media\/5318"}],"wp:attachment":[{"href":"https:\/\/iglooinsure.com\/vn\/wp-json\/wp\/v2\/media?parent=5317"}],"wp:term":[{"taxonomy":"hf_cat_page","embeddable":true,"href":"https:\/\/iglooinsure.com\/vn\/wp-json\/wp\/v2\/hf_cat_page?post=5317"}],"curies":[{"name":"wp","href":"https:\/\/api.w.org\/{rel}","templated":true}]}}