{"id":5314,"date":"2023-12-01T14:16:14","date_gmt":"2023-12-01T06:16:14","guid":{"rendered":"https:\/\/iglooinsure.com\/ignite\/"},"modified":"2024-11-29T17:56:11","modified_gmt":"2024-11-29T09:56:11","slug":"ignite","status":"publish","type":"page","link":"https:\/\/iglooinsure.com\/vn\/ignite\/","title":{"rendered":"Ignite by Igloo"},"content":{"rendered":"","protected":false},"excerpt":{"rendered":"","protected":false},"author":1,"featured_media":5316,"parent":0,"menu_order":0,"comment_status":"closed","ping_status":"closed","template":"","meta":{"_acf_changed":false,"_seopress_robots_primary_cat":"","_seopress_titles_title":"Ignite c\u1ee7a Igloo, gi\u00fap nh\u00e2n vi\u00ean b\u00e1n h\u00e0ng d\u1ec5 d\u00e0ng h\u01a1n","_seopress_titles_desc":"Ignite c\u1ee7a Igloo l\u00e0 m\u1ed9t n\u1ec1n t\u1ea3ng do Igloo ph\u00e1t tri\u1ec3n nh\u1eb1m gi\u00fap c\u00e1c \u0111\u1ea1i l\u00fd b\u00e1n h\u00e0ng d\u1ec5 d\u00e0ng h\u01a1n, nhanh ch\u00f3ng v\u00e0 hi\u1ec7u qu\u1ea3 h\u01a1n.","_seopress_robots_index":"","footnotes":""},"hf_cat_page":[104],"class_list":["post-5314","page","type-page","status-publish","has-post-thumbnail","hentry"],"acf":[],"_links":{"self":[{"href":"https:\/\/iglooinsure.com\/vn\/wp-json\/wp\/v2\/pages\/5314","targetHints":{"allow":["GET"]}}],"collection":[{"href":"https:\/\/iglooinsure.com\/vn\/wp-json\/wp\/v2\/pages"}],"about":[{"href":"https:\/\/iglooinsure.com\/vn\/wp-json\/wp\/v2\/types\/page"}],"author":[{"embeddable":true,"href":"https:\/\/iglooinsure.com\/vn\/wp-json\/wp\/v2\/users\/1"}],"replies":[{"embeddable":true,"href":"https:\/\/iglooinsure.com\/vn\/wp-json\/wp\/v2\/comments?post=5314"}],"version-history":[{"count":14,"href":"https:\/\/iglooinsure.com\/vn\/wp-json\/wp\/v2\/pages\/5314\/revisions"}],"predecessor-version":[{"id":13039,"href":"https:\/\/iglooinsure.com\/vn\/wp-json\/wp\/v2\/pages\/5314\/revisions\/13039"}],"wp:featuredmedia":[{"embeddable":true,"href":"https:\/\/iglooinsure.com\/vn\/wp-json\/wp\/v2\/media\/5316"}],"wp:attachment":[{"href":"https:\/\/iglooinsure.com\/vn\/wp-json\/wp\/v2\/media?parent=5314"}],"wp:term":[{"taxonomy":"hf_cat_page","embeddable":true,"href":"https:\/\/iglooinsure.com\/vn\/wp-json\/wp\/v2\/hf_cat_page?post=5314"}],"curies":[{"name":"wp","href":"https:\/\/api.w.org\/{rel}","templated":true}]}}