{"id":5313,"date":"2023-10-30T03:05:24","date_gmt":"2023-10-29T19:05:24","guid":{"rendered":"https:\/\/iglooinsure.com\/home\/"},"modified":"2025-01-21T10:08:13","modified_gmt":"2025-01-21T02:08:13","slug":"home","status":"publish","type":"page","link":"https:\/\/iglooinsure.com\/vn\/","title":{"rendered":"Home"},"content":{"rendered":"","protected":false},"excerpt":{"rendered":"","protected":false},"author":1,"featured_media":5286,"parent":0,"menu_order":0,"comment_status":"closed","ping_status":"closed","template":"","meta":{"_acf_changed":false,"_seopress_robots_primary_cat":"","_seopress_titles_title":"Igloo - C\u00f4ng ty Insurtech \u0110\u00f4ng Nam \u00c1 | Igloo Insure","_seopress_titles_desc":"C\u00f4ng ty insurtech h\u00e0ng \u0111\u1ea7u, Igloo, \u0111\u01a1n gi\u1ea3n h\u00f3a b\u1ea3o hi\u1ec3m t\u1ea1i \u0110\u00f4ng Nam \u00c1 b\u1eb1ng c\u00e1ch h\u1ee3p t\u00e1c v\u1edbi c\u00e1c \u0111\u1ed1i t\u00e1c uy t\u00edn.","_seopress_robots_index":"","footnotes":""},"hf_cat_page":[],"class_list":["post-5313","page","type-page","status-publish","has-post-thumbnail","hentry"],"acf":[],"_links":{"self":[{"href":"https:\/\/iglooinsure.com\/vn\/wp-json\/wp\/v2\/pages\/5313","targetHints":{"allow":["GET"]}}],"collection":[{"href":"https:\/\/iglooinsure.com\/vn\/wp-json\/wp\/v2\/pages"}],"about":[{"href":"https:\/\/iglooinsure.com\/vn\/wp-json\/wp\/v2\/types\/page"}],"author":[{"embeddable":true,"href":"https:\/\/iglooinsure.com\/vn\/wp-json\/wp\/v2\/users\/1"}],"replies":[{"embeddable":true,"href":"https:\/\/iglooinsure.com\/vn\/wp-json\/wp\/v2\/comments?post=5313"}],"version-history":[{"count":7,"href":"https:\/\/iglooinsure.com\/vn\/wp-json\/wp\/v2\/pages\/5313\/revisions"}],"predecessor-version":[{"id":14445,"href":"https:\/\/iglooinsure.com\/vn\/wp-json\/wp\/v2\/pages\/5313\/revisions\/14445"}],"wp:featuredmedia":[{"embeddable":true,"href":"https:\/\/iglooinsure.com\/vn\/wp-json\/wp\/v2\/media\/5286"}],"wp:attachment":[{"href":"https:\/\/iglooinsure.com\/vn\/wp-json\/wp\/v2\/media?parent=5313"}],"wp:term":[{"taxonomy":"hf_cat_page","embeddable":true,"href":"https:\/\/iglooinsure.com\/vn\/wp-json\/wp\/v2\/hf_cat_page?post=5313"}],"curies":[{"name":"wp","href":"https:\/\/api.w.org\/{rel}","templated":true}]}}