{"id":5311,"date":"2023-12-01T14:17:02","date_gmt":"2023-12-01T06:17:02","guid":{"rendered":"https:\/\/iglooinsure.com\/doi-tac\/"},"modified":"2025-04-23T13:02:34","modified_gmt":"2025-04-23T05:02:34","slug":"doi-tac","status":"publish","type":"page","link":"https:\/\/iglooinsure.com\/vn\/doi-tac\/","title":{"rendered":"\u0110\u1ed1i t\u00e1c"},"content":{"rendered":"","protected":false},"excerpt":{"rendered":"","protected":false},"author":1,"featured_media":5312,"parent":0,"menu_order":0,"comment_status":"closed","ping_status":"closed","template":"","meta":{"_acf_changed":false,"_seopress_robots_primary_cat":"","_seopress_titles_title":"Insurtech t\u1ea1i vi\u1ec7t nam | C\u00f4ng ty b\u1ea3o hi\u1ec3m Insurtech Igloo","_seopress_titles_desc":"Insurtech t\u1ea1i Vi\u1ec7t Nam gi\u00fap c\u00e1c \u0111\u1ed1i t\u00e1c t\u00edch h\u1ee3p b\u1ea3o hi\u1ec3m tr\u00ean n\u1ec1n t\u1ea3ng c\u1ee7a h\u1ecd m\u00e0 c\u00f2n ph\u00e1t tri\u1ec3n c\u00e1c gi\u1ea3i ph\u00e1p insurtech trong chu\u1ed7i gi\u00e1 tr\u1ecb b\u1ea3o hi\u1ec3m","_seopress_robots_index":"","footnotes":""},"hf_cat_page":[],"class_list":["post-5311","page","type-page","status-publish","has-post-thumbnail","hentry"],"acf":[],"_links":{"self":[{"href":"https:\/\/iglooinsure.com\/vn\/wp-json\/wp\/v2\/pages\/5311","targetHints":{"allow":["GET"]}}],"collection":[{"href":"https:\/\/iglooinsure.com\/vn\/wp-json\/wp\/v2\/pages"}],"about":[{"href":"https:\/\/iglooinsure.com\/vn\/wp-json\/wp\/v2\/types\/page"}],"author":[{"embeddable":true,"href":"https:\/\/iglooinsure.com\/vn\/wp-json\/wp\/v2\/users\/1"}],"replies":[{"embeddable":true,"href":"https:\/\/iglooinsure.com\/vn\/wp-json\/wp\/v2\/comments?post=5311"}],"version-history":[{"count":3,"href":"https:\/\/iglooinsure.com\/vn\/wp-json\/wp\/v2\/pages\/5311\/revisions"}],"predecessor-version":[{"id":15232,"href":"https:\/\/iglooinsure.com\/vn\/wp-json\/wp\/v2\/pages\/5311\/revisions\/15232"}],"wp:featuredmedia":[{"embeddable":true,"href":"https:\/\/iglooinsure.com\/vn\/wp-json\/wp\/v2\/media\/5312"}],"wp:attachment":[{"href":"https:\/\/iglooinsure.com\/vn\/wp-json\/wp\/v2\/media?parent=5311"}],"wp:term":[{"taxonomy":"hf_cat_page","embeddable":true,"href":"https:\/\/iglooinsure.com\/vn\/wp-json\/wp\/v2\/hf_cat_page?post=5311"}],"curies":[{"name":"wp","href":"https:\/\/api.w.org\/{rel}","templated":true}]}}