{"id":5309,"date":"2023-12-01T14:16:38","date_gmt":"2023-12-01T06:16:38","guid":{"rendered":"https:\/\/iglooinsure.com\/cong-nghe-cua-chung-toi\/"},"modified":"2024-02-06T14:25:25","modified_gmt":"2024-02-06T06:25:25","slug":"cong-nghe-cua-chung-toi","status":"publish","type":"page","link":"https:\/\/iglooinsure.com\/vn\/cong-nghe-cua-chung-toi\/","title":{"rendered":"C\u00f4ng ngh\u1ec7 c\u1ee7a ch\u00fang t\u00f4i"},"content":{"rendered":"","protected":false},"excerpt":{"rendered":"","protected":false},"author":1,"featured_media":5310,"parent":0,"menu_order":0,"comment_status":"closed","ping_status":"closed","template":"","meta":{"_acf_changed":false,"_seopress_robots_primary_cat":"","_seopress_titles_title":"C\u00f4ng ngh\u1ec7 c\u1ee7a ch\u00fang t\u00f4i | Igloo Insure","_seopress_titles_desc":"T\u1eadn d\u1ee5ng d\u1eef li\u1ec7u l\u1edbn v\u00e0 c\u00f4ng ngh\u1ec7, ch\u00fang t\u00f4i cung c\u1ea5p cho \u0111\u1ed1i t\u00e1c qu\u1ea3n l\u00fd y\u00eau c\u1ea7u b\u1ed3i th\u01b0\u1eddng t\u1ef1 \u0111\u1ed9ng t\u1eeb \u0111\u1ea7u \u0111\u1ebfn cu\u1ed1i v\u00e0 \u0111\u00e1nh gi\u00e1 r\u1ee7i ro theo th\u1eddi gian th\u1ef1c.","_seopress_robots_index":"","footnotes":""},"hf_cat_page":[],"class_list":["post-5309","page","type-page","status-publish","has-post-thumbnail","hentry"],"acf":[],"_links":{"self":[{"href":"https:\/\/iglooinsure.com\/vn\/wp-json\/wp\/v2\/pages\/5309","targetHints":{"allow":["GET"]}}],"collection":[{"href":"https:\/\/iglooinsure.com\/vn\/wp-json\/wp\/v2\/pages"}],"about":[{"href":"https:\/\/iglooinsure.com\/vn\/wp-json\/wp\/v2\/types\/page"}],"author":[{"embeddable":true,"href":"https:\/\/iglooinsure.com\/vn\/wp-json\/wp\/v2\/users\/1"}],"replies":[{"embeddable":true,"href":"https:\/\/iglooinsure.com\/vn\/wp-json\/wp\/v2\/comments?post=5309"}],"version-history":[{"count":2,"href":"https:\/\/iglooinsure.com\/vn\/wp-json\/wp\/v2\/pages\/5309\/revisions"}],"predecessor-version":[{"id":5594,"href":"https:\/\/iglooinsure.com\/vn\/wp-json\/wp\/v2\/pages\/5309\/revisions\/5594"}],"wp:featuredmedia":[{"embeddable":true,"href":"https:\/\/iglooinsure.com\/vn\/wp-json\/wp\/v2\/media\/5310"}],"wp:attachment":[{"href":"https:\/\/iglooinsure.com\/vn\/wp-json\/wp\/v2\/media?parent=5309"}],"wp:term":[{"taxonomy":"hf_cat_page","embeddable":true,"href":"https:\/\/iglooinsure.com\/vn\/wp-json\/wp\/v2\/hf_cat_page?post=5309"}],"curies":[{"name":"wp","href":"https:\/\/api.w.org\/{rel}","templated":true}]}}