{"id":5307,"date":"2023-12-01T14:17:21","date_gmt":"2023-12-01T06:17:21","guid":{"rendered":"https:\/\/iglooinsure.com\/bao-chi\/"},"modified":"2024-02-06T12:57:42","modified_gmt":"2024-02-06T04:57:42","slug":"bai-viet-bao-chi","status":"publish","type":"page","link":"https:\/\/iglooinsure.com\/vn\/bai-viet-bao-chi\/","title":{"rendered":"B\u00e1o ch\u00ed"},"content":{"rendered":"","protected":false},"excerpt":{"rendered":"","protected":false},"author":1,"featured_media":5308,"parent":0,"menu_order":0,"comment_status":"closed","ping_status":"closed","template":"","meta":{"_acf_changed":false,"_seopress_robots_primary_cat":"","_seopress_titles_title":"Tin t\u1ee9c v\u00e0 c\u1eadp nh\u1eadt li\u00ean quan \u0111\u1ebfn Insurtech | Igloo Insure","_seopress_titles_desc":"C\u1eadp nh\u1eadt tin t\u1ee9c insurtech m\u1edbi nh\u1ea5t Vi\u1ec7t Nam &amp; \u0110\u00f4ng Nam \u00c1. Kh\u00e1m ph\u00e1 Igloo, c\u00f4ng ty insurtech h\u00e0ng \u0111\u1ea7u khu v\u1ef1c!","_seopress_robots_index":"","footnotes":""},"hf_cat_page":[],"class_list":["post-5307","page","type-page","status-publish","has-post-thumbnail","hentry"],"acf":[],"_links":{"self":[{"href":"https:\/\/iglooinsure.com\/vn\/wp-json\/wp\/v2\/pages\/5307","targetHints":{"allow":["GET"]}}],"collection":[{"href":"https:\/\/iglooinsure.com\/vn\/wp-json\/wp\/v2\/pages"}],"about":[{"href":"https:\/\/iglooinsure.com\/vn\/wp-json\/wp\/v2\/types\/page"}],"author":[{"embeddable":true,"href":"https:\/\/iglooinsure.com\/vn\/wp-json\/wp\/v2\/users\/1"}],"replies":[{"embeddable":true,"href":"https:\/\/iglooinsure.com\/vn\/wp-json\/wp\/v2\/comments?post=5307"}],"version-history":[{"count":2,"href":"https:\/\/iglooinsure.com\/vn\/wp-json\/wp\/v2\/pages\/5307\/revisions"}],"predecessor-version":[{"id":5569,"href":"https:\/\/iglooinsure.com\/vn\/wp-json\/wp\/v2\/pages\/5307\/revisions\/5569"}],"wp:featuredmedia":[{"embeddable":true,"href":"https:\/\/iglooinsure.com\/vn\/wp-json\/wp\/v2\/media\/5308"}],"wp:attachment":[{"href":"https:\/\/iglooinsure.com\/vn\/wp-json\/wp\/v2\/media?parent=5307"}],"wp:term":[{"taxonomy":"hf_cat_page","embeddable":true,"href":"https:\/\/iglooinsure.com\/vn\/wp-json\/wp\/v2\/hf_cat_page?post=5307"}],"curies":[{"name":"wp","href":"https:\/\/api.w.org\/{rel}","templated":true}]}}